{"id":605,"date":"2021-05-25T15:10:14","date_gmt":"2021-05-25T15:10:14","guid":{"rendered":"https:\/\/ruegheim.de\/index.php\/aktuelles-2\/"},"modified":"2026-03-16T08:37:27","modified_gmt":"2026-03-16T08:37:27","slug":"aktuelles-2","status":"publish","type":"page","link":"https:\/\/ruegheim.de\/index.php\/aktuelles-2\/","title":{"rendered":"Aktuelles"},"content":{"rendered":"\n    \n    <section class=\"u-carousel u-slide u-block-b2da-1\" id=\"carousel-76b0\" data-interval=\"5000\" data-u-ride=\"carousel\">\n      <ol class=\"u-absolute-hcenter u-carousel-indicators u-block-b2da-2\">\n        <li data-u-target=\"#carousel-76b0\" class=\"u-active u-grey-30\" data-u-slide-to=\"0\"><\/li>\n        <li data-u-target=\"#carousel-76b0\" class=\"u-grey-30\" data-u-slide-to=\"1\"><\/li>\n        <li data-u-target=\"#carousel-76b0\" class=\"u-grey-30\" data-u-slide-to=\"2\"><\/li>\n        <li data-u-target=\"#carousel-76b0\" class=\"u-grey-30\" data-u-slide-to=\"3\"><\/li>\n      <\/ol>\n      <div class=\"u-carousel-inner\" role=\"listbox\" style=\"\">\n        <div class=\"custom-expanded u-active u-align-left u-carousel-item u-clearfix u-section-2-1\">\n          <div class=\"u-clearfix u-sheet u-sheet-1\">\n            <img class=\"custom-expanded u-image u-image-1\" src=\"https:\/\/ruegheim.de\/wp-content\/uploads\/2026\/03\/Gartenbrse_2026_1.jpeg\" data-image-width=\"1600\" data-image-height=\"1600\">\n          <\/div>\n        <\/div>\n        <div class=\"custom-expanded u-align-left u-carousel-item u-clearfix u-section-2-2\">\n          <div class=\"u-clearfix u-sheet u-valign-top-xs u-sheet-1\">\n            <img class=\"custom-expanded u-image u-image-1\" src=\"https:\/\/ruegheim.de\/wp-content\/uploads\/2026\/03\/Gartenbrse_2026_2.jpeg\" data-image-width=\"1600\" data-image-height=\"1600\">\n          <\/div>\n        <\/div>\n        <div class=\"custom-expanded u-align-left u-carousel-item u-clearfix u-section-2-3\">\n          <div class=\"u-clearfix u-sheet u-sheet-1\">\n            <img class=\"u-expanded-width u-image u-image-default u-image-1\" src=\"https:\/\/ruegheim.de\/wp-content\/uploads\/2021\/05\/2015Gartenborse_0421-1.jpg\" alt=\"\" data-image-width=\"640\" data-image-height=\"960\">\n            <div class=\"u-border-custom-color-19 u-container-style u-custom-color-19 u-expanded-width-xs u-group u-radius u-shape-round u-group-1\">\n              <div class=\"u-container-layout u-container-layout-1\">\n                <h1 class=\"u-text u-text-body-alt-color u-text-default u-text-1\">Pflanzen- &amp; Gartenb\u00f6rse&nbsp;<br>2026\n                <\/h1>\n              <\/div>\n            <\/div>\n            <div class=\"u-container-style u-custom-color-19 u-expanded-width-xs u-group u-radius u-shape-round u-group-2\">\n              <div class=\"u-container-layout u-container-layout-2\">\n                <h3 class=\"u-text u-text-body-alt-color u-text-default u-text-2\">Sonntag, 26.04.2026 von 10:00 Uhr bis 17:00 Uhr<br>\n                <\/h3>\n                <p class=\"u-text u-text-default u-text-3\">\n                  <span class=\"u-text-body-alt-color\">M\u00f6chten Sie als H\u00e4ndler teilnehmen, dann kontaktieren Sie bitte Elfi Reichert unter:&nbsp;<\/span>\n                  <br>Mail.: reichert.elfi@gmx.de&nbsp;<span class=\"u-text-body-alt-color\">oder<\/span>\n                  <br>Tel.: 09523\/6788\n                <\/p>\n              <\/div>\n            <\/div>\n            <p class=\"u-text u-text-default u-text-4\">Beispieltext. Klicke, um das Textelement auszuw\u00e4hlen.<\/p>\n          <\/div>\n        <\/div>\n        <div class=\"custom-expanded u-align-left u-carousel-item u-clearfix u-section-2-4\">\n          <div class=\"u-clearfix u-sheet u-sheet-1\">\n            <img class=\"u-expanded-width u-image u-image-default u-image-1\" src=\"https:\/\/ruegheim.de\/wp-content\/uploads\/2021\/05\/DAS_rugheim_LOGO-01-1.svg\" alt=\"\" data-image-width=\"150\" data-image-height=\"86\">\n          <\/div>\n        <\/div>\n      <\/div>\n      <a class=\"u-absolute-vcenter u-carousel-control u-carousel-control-prev u-text-grey-30 u-block-b2da-3\" href=\"#carousel-76b0\" role=\"button\" data-u-slide=\"prev\">\n        <span aria-hidden=\"true\">\n          <svg viewBox=\"0 0 477.175 477.175\"><path d=\"M145.188,238.575l215.5-215.5c5.3-5.3,5.3-13.8,0-19.1s-13.8-5.3-19.1,0l-225.1,225.1c-5.3,5.3-5.3,13.8,0,19.1l225.1,225\n                    c2.6,2.6,6.1,4,9.5,4s6.9-1.3,9.5-4c5.3-5.3,5.3-13.8,0-19.1L145.188,238.575z\"><\/path><\/svg>\n        <\/span>\n        <span class=\"sr-only\">Previous<\/span>\n      <\/a>\n      <a class=\"u-absolute-vcenter u-carousel-control u-carousel-control-next u-text-grey-30 u-block-b2da-4\" href=\"#carousel-76b0\" role=\"button\" data-u-slide=\"next\">\n        <span aria-hidden=\"true\">\n          <svg viewBox=\"0 0 477.175 477.175\"><path d=\"M360.731,229.075l-225.1-225.1c-5.3-5.3-13.8-5.3-19.1,0s-5.3,13.8,0,19.1l215.5,215.5l-215.5,215.5\n                    c-5.3,5.3-5.3,13.8,0,19.1c2.6,2.6,6.1,4,9.5,4c3.4,0,6.9-1.3,9.5-4l225.1-225.1C365.931,242.875,365.931,234.275,360.731,229.075z\"><\/path><\/svg>\n        <\/span>\n        <span class=\"sr-only\">Next<\/span>\n      <\/a>\n    <\/section>\n    <section class=\"u-align-center u-clearfix u-section-3\" id=\"sec-dbfa\">\n      <div class=\"u-clearfix u-sheet u-sheet-1\"><\/div>\n    <\/section>\n    <section class=\"u-clearfix u-custom-color-10 u-section-4\" id=\"sec-d669\">\n      <div class=\"u-clearfix u-sheet u-valign-top u-sheet-1\">\n        <div class=\"data-layout-selected u-clearfix u-expanded-width u-gutter-0 u-layout-wrap u-layout-wrap-1\">\n          <div class=\"u-layout\" style=\"\">\n            <div class=\"u-layout-row\" style=\"\">\n              <div class=\"u-align-center u-container-style u-custom-color-10 u-layout-cell u-left-cell u-size-30 u-size-xs-60 u-layout-cell-1\" src=\"\">\n                <div class=\"u-container-layout u-valign-bottom-xs u-container-layout-1\"><span class=\"u-custom-color-2 u-icon u-icon-circle u-icon-1\"><svg class=\"u-svg-link\" preserveAspectRatio=\"xMidYMin slice\" viewBox=\"0 0 512.004 512.004\" style=\"\"><use xmlns:xlink=\"http:\/\/www.w3.org\/1999\/xlink\" xlink:href=\"#svg-d81f\"><\/use><\/svg><svg class=\"u-svg-content\" viewBox=\"0 0 512.004 512.004\" id=\"svg-d81f\"><path d=\"m414.336 210.564-23.336 11.571c0-183.907.136-174.839-.278-176.982-1.351-7.018-7.519-12.151-14.722-12.151-1.694 0-359.814-.003-361.095.005-8.355.053-14.905 6.882-14.905 14.995v270c0 8.284 6.716 15 15 15h166v21c0 16.7 11.76 30.697 27.432 34.167l-12.228 73.368c-1.524 9.14 5.536 17.466 14.796 17.466h60c7.271 0 13.496-5.215 14.769-12.375l13.55-76.22 115.018 57.033c9.934 4.927 21.664-2.306 21.664-13.438v-210c-.001-11.125-11.715-18.376-21.665-13.439zm-88.107-147.562-131.206 86.988-130.481-86.988zm-296.229 13.028 156.68 104.453c5.027 3.351 11.574 3.36 16.609.021l157.711-104.56v161.067l-64.515 31.991h-80.485c-18.963 0-34.442 15.163-34.975 34h-151.025zm186 282.972c-2.757 0-5-2.243-5-5v-50c0-2.757 2.243-5 5-5h69v60zm12.707 90 10-60h30.391l-10.666 60zm177.293-39.181-91-45.124v-71.391l91-45.124z\"><\/path><path d=\"m487.012 282.744 16-7c7.59-3.32 11.051-12.165 7.73-19.754-3.32-7.589-12.165-11.053-19.754-7.73l-16 7c-7.59 3.32-11.051 12.165-7.73 19.754 3.323 7.595 12.172 11.05 19.754 7.73z\"><\/path><path d=\"m503.012 382.26-16-7c-7.59-3.32-16.434.14-19.754 7.73-3.321 7.59.14 16.434 7.73 19.754l16 7c7.589 3.321 16.435-.141 19.754-7.73 3.321-7.59-.14-16.434-7.73-19.754z\"><\/path><path d=\"m497 314.002h-16c-8.284 0-15 6.716-15 15s6.716 15 15 15h16c8.284 0 15-6.716 15-15s-6.716-15-15-15z\"><\/path><\/svg>\n                \n                \n              <\/span>\n                  <h2 class=\"u-text u-text-1\">R\u00fcgheimer Nachrichten<\/h2>\n                  <p class=\"u-text u-text-2\">Klicken Sie hier, um die aktuellen Nachrichten als PDF anzusehen oder herunter zu laden.<\/p>\n                  <a href=\"https:\/\/ruegheim.de\/wp-content\/uploads\/2021\/10\/10.2021.pdf\" class=\"u-active-none u-border-2 u-border-custom-color-2 u-border-no-left u-border-no-right u-border-no-top u-btn u-btn-rectangle u-button-style u-file-link u-hover-none u-none u-text-custom-color-2 u-btn-1\">ansehen &amp; Download<\/a>\n                  <a href=\"https:\/\/ruegheim.de\/wp-content\/uploads\/2021\/09\/02.09.2021.pdf\" class=\"u-active-none u-border-2 u-border-custom-color-2 u-border-no-left u-border-no-right u-border-no-top u-btn u-btn-rectangle u-button-style u-file-link u-hover-none u-none u-text-custom-color-2 u-btn-2\">ansehen &amp; Download<\/a>\n                <\/div>\n              <\/div>\n              <div class=\"u-align-center u-container-style u-image u-layout-cell u-right-cell u-size-30 u-size-xs-60 u-image-1\" src=\"\" data-image-width=\"960\" data-image-height=\"686\" style=\"background-image: url(&quot;https:\/\/ruegheim.de\/wp-content\/uploads\/2021\/05\/2f7b49affb64d3b49dae27d48eab21b9bc0ea00572fed0648643baa16d2f1dbe015a7b9f6fb877a341e3f16551b6c64972dbc98b5f4ce3e69c1660_12801-1.jpg&quot;);\">\n                <div class=\"u-container-layout u-valign-middle u-container-layout-2\" src=\"\"><\/div>\n              <\/div>\n            <\/div>\n          <\/div>\n        <\/div>\n      <\/div>\n    <\/section>\n    \n    \n    \n  \n","protected":false},"excerpt":{"rendered":"<p>Pflanzen- &amp; Gartenb\u00f6rse&nbsp;2026 Sonntag, 26.04.2026 von 10:00 Uhr bis 17:00 Uhr M\u00f6chten Sie als H\u00e4ndler teilnehmen, dann kontaktieren Sie bitte Elfi Reichert unter:&nbsp; Mail.: reichert.elfi@gmx.de&nbsp;oder Tel.: 09523\/6788 Beispieltext. Klicke, um das Textelement auszuw\u00e4hlen. Previous Next R\u00fcgheimer Nachrichten Klicken Sie hier, um die aktuellen Nachrichten als PDF anzusehen oder herunter zu laden. ansehen &amp; Download ansehen &hellip; <a href=\"https:\/\/ruegheim.de\/index.php\/aktuelles-2\/\" class=\"more-link\">Continue reading<span class=\"screen-reader-text\"> &#8222;Aktuelles&#8220;<\/span><\/a><\/p>\n","protected":false},"author":1,"featured_media":0,"parent":0,"menu_order":2,"comment_status":"closed","ping_status":"closed","template":"","meta":[],"_links":{"self":[{"href":"https:\/\/ruegheim.de\/index.php\/wp-json\/wp\/v2\/pages\/605"}],"collection":[{"href":"https:\/\/ruegheim.de\/index.php\/wp-json\/wp\/v2\/pages"}],"about":[{"href":"https:\/\/ruegheim.de\/index.php\/wp-json\/wp\/v2\/types\/page"}],"author":[{"embeddable":true,"href":"https:\/\/ruegheim.de\/index.php\/wp-json\/wp\/v2\/users\/1"}],"replies":[{"embeddable":true,"href":"https:\/\/ruegheim.de\/index.php\/wp-json\/wp\/v2\/comments?post=605"}],"version-history":[{"count":21,"href":"https:\/\/ruegheim.de\/index.php\/wp-json\/wp\/v2\/pages\/605\/revisions"}],"predecessor-version":[{"id":926,"href":"https:\/\/ruegheim.de\/index.php\/wp-json\/wp\/v2\/pages\/605\/revisions\/926"}],"wp:attachment":[{"href":"https:\/\/ruegheim.de\/index.php\/wp-json\/wp\/v2\/media?parent=605"}],"curies":[{"name":"wp","href":"https:\/\/api.w.org\/{rel}","templated":true}]}}