{"id":606,"date":"2021-05-25T15:10:15","date_gmt":"2021-05-25T15:10:15","guid":{"rendered":"https:\/\/ruegheim.de\/index.php\/kontakt\/"},"modified":"2022-08-08T12:52:33","modified_gmt":"2022-08-08T12:52:33","slug":"kontakt","status":"publish","type":"page","link":"https:\/\/ruegheim.de\/index.php\/kontakt\/","title":{"rendered":"Kontakt"},"content":{"rendered":"\n    \n    <section class=\"u-align-left u-clearfix u-custom-color-1 u-section-2\" id=\"carousel_72a1\">\n      <div class=\"u-custom-color-1 u-expanded-height u-shape u-shape-rectangle u-shape-1\"><\/div>\n      <h1 class=\"u-text u-text-1\">Kontaktformular<\/h1>\n      <h6 class=\"u-text u-text-2\">Wenn Sie mit uns in Kontakt treten m\u00f6chten, f\u00fcllen Sie einfach das Formular aus.&nbsp;<br>Wir bem\u00fchen uns, Ihre Anfrage schnellst m\u00f6glichst zu bearbeiten. \n      <\/h6>\n      <div class=\"u-clearfix u-gutter-0 u-layout-wrap u-layout-wrap-1\">\n        <div class=\"u-layout\">\n          <div class=\"u-layout-row\">\n            <div class=\"u-align-left u-container-style u-layout-cell u-left-cell u-size-33 u-white u-layout-cell-1\">\n              <div class=\"u-container-layout u-container-layout-1\">\n                <h3 class=\"u-text u-text-3\">F\u00f6rderverein Dorfgemeinschaft R\u00fcgheim e.V.<\/h3>\n                <p class=\"u-text u-text-4\">Raiffeisenstra\u00dfe 9<br>97461 R\u00fcgheim \n                <\/p>\n                <p class=\"u-text u-text-5\">\n                  <a class=\"u-active-none u-border-none u-btn u-button-link u-button-style u-hover-none u-none u-text-custom-color-2 u-btn-1\" href=\"mailto:burger@ruegheim.de\">burger@ruegheim.de<\/a>\n                <\/p>\n                <div class=\"u-expanded-width u-form u-form-1\">\n                          <script>\n            function onSuccess(event) {\n                if (typeof window.serviceRequest !== 'undefined') {\n                    window.serviceRequest(jQuery(this).find('form'));\n                }\n                var msgContainer = jQuery(event.currentTarget).find('.wpcf7-response-output');\n                msgContainer.removeClass('u-form-send-error').addClass('u-form-send-message u-form-send-success');\n                msgContainer.show();\n                var redirectAddress = jQuery(event.currentTarget).find('[redirect-address]').attr('redirect-address');\n                if (redirectAddress) {\n                    setTimeout(function () {\n                        location.replace(redirectAddress);\n                    }, 2000);\n                }\n            }\n            function onError(event) {\n                var msgContainer = jQuery(event.currentTarget).find('.wpcf7-response-output');\n                msgContainer.removeClass('u-form-send-success').addClass('u-form-send-message u-form-send-error');\n                msgContainer.show();\n            }\n\n            jQuery('body')\n                .on('wpcf7mailsent',   '.u-form .wpcf7', onSuccess)\n                .on('wpcf7invalid',    '.u-form .wpcf7', onError)\n                .on('wpcf7:unaccepted', '.u-form .wpcf7', onError)\n                .on('wpcf7spam',       '.u-form .wpcf7', onError)\n                .on('wpcf7:aborted',    '.u-form .wpcf7', onError)\n                .on('wpcf7mailfailed', '.u-form .wpcf7', onError);\n        <\/script>\n        <style>\n            .u-form .wpcf7-response-output {\n                \/*position: relative !important;*\/\n                margin: 0 !important;\n                bottom: -70px!important;\n            }\n            .u-form .wpcf7 .ajax-loader {\n                margin-left: -24px;\n                margin-right: 0;\n            }\n        <\/style>\n<div role=\"form\" class=\"wpcf7\" id=\"wpcf7-f826-o1\" lang=\"de-DE\" dir=\"ltr\">\n<div class=\"screen-reader-response\"><p role=\"status\" aria-live=\"polite\" aria-atomic=\"true\"><\/p> <ul><\/ul><\/div>\n<form action=\"\/index.php\/wp-json\/wp\/v2\/pages\/606#wpcf7-f826-o1\" method=\"post\" class=\"wpcf7-form init u-block-bb85-15 u-form-spacing-31 u-form-vertical u-inner-form u-form-custom-backend\" data-status=\"init\">\n<div style=\"display: none;\">\n<input type=\"hidden\" name=\"_wpcf7\" value=\"826\" \/>\n<input type=\"hidden\" name=\"_wpcf7_version\" value=\"5.4.2\" \/>\n<input type=\"hidden\" name=\"_wpcf7_locale\" value=\"de_DE\" \/>\n<input type=\"hidden\" name=\"_wpcf7_unit_tag\" value=\"wpcf7-f826-o1\" \/>\n<input type=\"hidden\" name=\"_wpcf7_container_post\" value=\"0\" \/>\n<input type=\"hidden\" name=\"_wpcf7_posted_data_hash\" value=\"\" \/>\n<\/div>\n\n                    <div class=\"u-form-group wpcf7-form-control-wrap u-form-name\">\n                      <label for=\"name-10f5\" class=\"u-form-control-hidden u-label u-text-custom-color-1\">Name<\/label>\n                      <input type=\"text\" placeholder=\"Name\" id=\"name-10f5\" name=\"name1\" class=\"u-border-2 u-border-grey-75 u-border-no-left u-border-no-right u-border-no-top u-input\" required=\"\">\n                    <\/div>\n                    <div class=\"u-form-email u-form-group wpcf7-form-control-wrap\">\n                      <label for=\"email-10f5\" class=\"u-form-control-hidden u-label u-text-custom-color-1\">Email<\/label>\n                      <input type=\"email\" placeholder=\"Email\" id=\"email-10f5\" name=\"email\" class=\"u-border-2 u-border-grey-75 u-border-no-left u-border-no-right u-border-no-top u-input\" required=\"\">\n                    <\/div>\n                    <div class=\"u-form-group wpcf7-form-control-wrap u-form-phone u-form-group wpcf7-form-control-wrap-3\">\n                      <label for=\"phone-02e4\" class=\"u-form-control-hidden u-label u-text-custom-color-1\">Handynummer<\/label>\n                      <input type=\"tel\" pattern=\"+?d{0,3}[s(-]?([0-9]{2,3})[s)-]?([s-]?)([0-9]{3})[s-]?([0-9]{2})[s-]?([0-9]{2})\" placeholder=\"Telefonnummer\" id=\"phone-02e4\" name=\"phone\" class=\"u-border-2 u-border-grey-75 u-border-no-left u-border-no-right u-border-no-top u-input\">\n                    <\/div>\n                    <div class=\"u-form-address u-form-group wpcf7-form-control-wrap u-form-group wpcf7-form-control-wrap-4\">\n                      <label for=\"address-c4ec\" class=\"u-form-control-hidden u-label u-text-custom-color-1\">Adresse<\/label>\n                      <input type=\"text\" placeholder=\"Adresse\" id=\"address-c4ec\" name=\"address\" class=\"u-border-2 u-border-grey-75 u-border-no-left u-border-no-right u-border-no-top u-input\">\n                    <\/div>\n                    <div class=\"u-form-group wpcf7-form-control-wrap u-form-message\">\n                      <label for=\"message-10f5\" class=\"u-form-control-hidden u-label u-text-custom-color-1\">Message<\/label>\n                      <textarea placeholder=\"Nachricht\" rows=\"4\" cols=\"50\" id=\"message-10f5\" name=\"message\" class=\"u-border-2 u-border-grey-75 u-border-no-left u-border-no-right u-border-no-top u-input\" required=\"\"><\/textarea>\n                    <\/div>\n                    <div class=\"u-form-send-message u-form-send-success\">Thank you! Your message has been sent.<\/div>\n                    <div class=\"u-form-send-error u-form-send-message\">Unable to send your message. Please fix errors then try again.<\/div>\n                    <div class=\"u-form-agree u-form-group wpcf7-form-control-wrap u-form-group wpcf7-form-control-wrap-6\">\n                      <input type=\"checkbox\" id=\"agree-f2ea\" name=\"agree\" class=\"u-agree-checkbox\" required=\"\">\n                      <label for=\"agree-f2ea\" class=\"u-label u-text-custom-color-1\">Ich habe die <a href=\"#\">Datenschutzerkl\u00e4rung<\/a> gelesen und stimme zu. \n                      <\/label>\n                    <\/div>\n                    <div class=\"u-form-checkbox u-form-group wpcf7-form-control-wrap u-form-group wpcf7-form-control-wrap-7\">\n                      <input type=\"checkbox\" id=\"checkbox-e0fe\" name=\"Ja, ich bin damit einverstanden, dass meine Kontaktdaten (Name, Adresse, Email-Adresse, Telefonnummer) vom F\u00f6rderverein Dorfgemeinschaft e.V. gespeichert und zur Kontaktaufnahme genutzt werden. Mir ist dabei klar, dass diese Einwilligung freiwillig und jederzeit widerruflich ist.\" value=\"On\" required=\"required\">\n                      <label for=\"checkbox-e0fe\" class=\"u-label u-text-custom-color-1\">Ja, ich bin damit einverstanden, dass meine Kontaktdaten (Name, Adresse, Email-Adresse, Telefonnummer) vom F\u00f6rderverein Dorfgemeinschaft e.V. gespeichert und zur Kontaktaufnahme genutzt werden. Mir ist dabei klar, dass diese Einwilligung freiwillig und jederzeit widerruflich ist.<\/label>\n                    <\/div>\n                    <div class=\"u-form-group wpcf7-form-control-wrap u-form-submit wpcf7-form-control\">\n                      <a href=\"#\" class=\"u-border-2 u-border-black u-btn u-btn-rectangle u-btn-submit wpcf7-submit u-button-style u-none u-text-body-color u-btn-2\">Senden<\/a>\n                      <input type=\"submit\" value=\"submit\" class=\"u-form-control-hidden\">\n                    <\/div>\n                    <input type=\"hidden\" value=\"\" name=\"recaptchaResponse\">\n                  <input type=\"hidden\" name=\"_contact7_backend\" value=\"1\"><p style=\"display: none !important;\" class=\"akismet-fields-container\" data-prefix=\"_wpcf7_ak_\"><label>&#916;<textarea name=\"_wpcf7_ak_hp_textarea\" cols=\"45\" rows=\"8\" maxlength=\"100\"><\/textarea><\/label><input type=\"hidden\" id=\"ak_js_1\" name=\"_wpcf7_ak_js\" value=\"23\"\/><script>document.getElementById( \"ak_js_1\" ).setAttribute( \"value\", ( new Date() ).getTime() );<\/script><\/p><div class=\"wpcf7-response-output\" aria-hidden=\"true\"><\/div><\/form><\/div>\n                <\/div>\n              <\/div>\n            <\/div>\n            <div class=\"u-container-style u-image u-layout-cell u-size-27 u-image-1\" data-image-width=\"2000\" data-image-height=\"1333\">\n              <div class=\"u-container-layout u-container-layout-2\"><\/div>\n            <\/div>\n          <\/div>\n        <\/div>\n      <\/div>\n    <\/section>\n    \n    \n  \n","protected":false},"excerpt":{"rendered":"<p>Kontaktformular Wenn Sie mit uns in Kontakt treten m\u00f6chten, f\u00fcllen Sie einfach das Formular aus.&nbsp;Wir bem\u00fchen uns, Ihre Anfrage schnellst m\u00f6glichst zu bearbeiten. F\u00f6rderverein Dorfgemeinschaft R\u00fcgheim e.V. Raiffeisenstra\u00dfe 997461 R\u00fcgheim burger@ruegheim.de Name Email Handynummer Adresse Message Thank you! Your message has been sent. Unable to send your message. Please fix errors then try again. Ich &hellip; <a href=\"https:\/\/ruegheim.de\/index.php\/kontakt\/\" class=\"more-link\">Continue reading<span class=\"screen-reader-text\"> &#8222;Kontakt&#8220;<\/span><\/a><\/p>\n","protected":false},"author":1,"featured_media":0,"parent":0,"menu_order":3,"comment_status":"closed","ping_status":"closed","template":"","meta":[],"_links":{"self":[{"href":"https:\/\/ruegheim.de\/index.php\/wp-json\/wp\/v2\/pages\/606"}],"collection":[{"href":"https:\/\/ruegheim.de\/index.php\/wp-json\/wp\/v2\/pages"}],"about":[{"href":"https:\/\/ruegheim.de\/index.php\/wp-json\/wp\/v2\/types\/page"}],"author":[{"embeddable":true,"href":"https:\/\/ruegheim.de\/index.php\/wp-json\/wp\/v2\/users\/1"}],"replies":[{"embeddable":true,"href":"https:\/\/ruegheim.de\/index.php\/wp-json\/wp\/v2\/comments?post=606"}],"version-history":[{"count":2,"href":"https:\/\/ruegheim.de\/index.php\/wp-json\/wp\/v2\/pages\/606\/revisions"}],"predecessor-version":[{"id":695,"href":"https:\/\/ruegheim.de\/index.php\/wp-json\/wp\/v2\/pages\/606\/revisions\/695"}],"wp:attachment":[{"href":"https:\/\/ruegheim.de\/index.php\/wp-json\/wp\/v2\/media?parent=606"}],"curies":[{"name":"wp","href":"https:\/\/api.w.org\/{rel}","templated":true}]}}